{"id":10,"date":"2022-10-28T06:36:09","date_gmt":"2022-10-28T06:36:09","guid":{"rendered":"http:\/\/www.risoria.fi\/?page_id=10"},"modified":"2025-02-04T09:38:04","modified_gmt":"2025-02-04T09:38:04","slug":"ota-yhteytta","status":"publish","type":"page","link":"https:\/\/www.risoria.fi\/index.php\/ota-yhteytta\/","title":{"rendered":"Yhteystiedot \/ Kontaktuppgifter"},"content":{"rendered":"\n<p>Ninni Lindroos, laillistettu puheterapeutti (FM) legitimerad talterapeut<\/p>\n\n\n\n<p>OLEN VANHEMPAINVAPAALLA 06.02.2025 ALKAEN.<\/p>\n\n\n\n<p>JAG \u00c4R F\u00d6R\u00c4LDRALEDIG FR\u00c5N OCH MED 06.05.2025.<\/p>\n\n\n\n<p>T\u00e4ll\u00e4 hetkell\u00e4 teen ainoastaan kotik\u00e4yntej\u00e4 (k\u00e4ynnit varhaiskasvatuksen ja koulun tiloissa sis\u00e4ltyv\u00e4t t\u00e4h\u00e4n). Et\u00e4tapaamiset ovat my\u00f6s mahdollisia. Kelan vaativaa l\u00e4\u00e4kinn\u00e4llist\u00e4 kuntoutusta toteutan seuraavilla paikkakunnilla: Kemi\u00f6nsaari, Koski TI, Marttila, Paimio, Salo, Sauvo ja Somero.<\/p>\n\n\n\n<p>F\u00f6r tillf\u00e4llet g\u00f6r jag endast hembes\u00f6k (bes\u00f6k till sm\u00e5barnspedagogikens och skolors utrymmen inkluderas). Distanstr\u00e4ffar \u00e4r m\u00f6jliga. FPA:s kr\u00e4vande medicinsk rehabilitering utf\u00f6r jag i f\u00f6ljande orter: Kimito\u00f6n, Koskis, St: M\u00e5rtens, Pemar, Salo, Sagu och Somero.<\/p>\n\n\n\n<div class=\"wp-block-columns is-layout-flex wp-container-core-columns-is-layout-1 wp-block-columns-is-layout-flex\">\n<div class=\"wp-block-column is-layout-flow wp-block-column-is-layout-flow\">\n<p><\/p>\n\n\n\n<p>044 973 8186<br>ninni.lindroos@risoria.fi<br>Y-tunnus\/FO-nummer: 3226616-1<\/p>\n<\/div>\n\n\n\n<div class=\"wp-block-column is-layout-flow wp-block-column-is-layout-flow\"><div class=\"wp-block-image\">\n<figure class=\"alignleft size-full is-resized\"><img loading=\"lazy\" decoding=\"async\" width=\"696\" height=\"634\" src=\"http:\/\/www.risoria.fi\/wp-content\/uploads\/2022\/11\/image.png\" alt=\"\" class=\"wp-image-92\" style=\"width:134px;height:122px\" srcset=\"https:\/\/www.risoria.fi\/wp-content\/uploads\/2022\/11\/image.png 696w, https:\/\/www.risoria.fi\/wp-content\/uploads\/2022\/11\/image-300x273.png 300w\" sizes=\"auto, (max-width: 696px) 100vw, 696px\" \/><\/figure><\/div><\/div>\n<\/div>\n\n\n\n<div data-wp-interactive=\"core\/file\" class=\"wp-block-file\"><object data-wp-bind--hidden=\"!state.hasPdfPreview\" hidden class=\"wp-block-file__embed\" data=\"http:\/\/www.risoria.fi\/wp-content\/uploads\/2025\/02\/RISORIA-omavalvontasuunnitelma.pdf\" type=\"application\/pdf\" style=\"width:100%;height:600px\" aria-label=\"Tiedoston RISORIA omavalvontasuunnitelma upotus.\"><\/object><a id=\"wp-block-file--media-0ea99345-f5ba-449c-af1c-348be879e714\" href=\"http:\/\/www.risoria.fi\/wp-content\/uploads\/2025\/02\/RISORIA-omavalvontasuunnitelma.pdf\">RISORIA omavalvontasuunnitelma<\/a><a href=\"http:\/\/www.risoria.fi\/wp-content\/uploads\/2025\/02\/RISORIA-omavalvontasuunnitelma.pdf\" class=\"wp-block-file__button wp-element-button\" download aria-describedby=\"wp-block-file--media-0ea99345-f5ba-449c-af1c-348be879e714\">Lataa<\/a><\/div>\n","protected":false},"excerpt":{"rendered":"<p>Ninni Lindroos, laillistettu puheterapeutti (FM) legitimerad talterapeut OLEN VANHEMPAINVAPAALLA 06.02.2025 ALKAEN. JAG \u00c4R F\u00d6R\u00c4LDRALEDIG FR\u00c5N OCH MED 06.05.2025. T\u00e4ll\u00e4 hetkell\u00e4 teen ainoastaan kotik\u00e4yntej\u00e4 (k\u00e4ynnit varhaiskasvatuksen ja koulun tiloissa sis\u00e4ltyv\u00e4t t\u00e4h\u00e4n). Et\u00e4tapaamiset ovat my\u00f6s mahdollisia. Kelan vaativaa l\u00e4\u00e4kinn\u00e4llist\u00e4 kuntoutusta toteutan seuraavilla paikkakunnilla: Kemi\u00f6nsaari, Koski TI, Marttila, Paimio, Salo, Sauvo ja Somero. F\u00f6r tillf\u00e4llet g\u00f6r jag endast&hellip;&nbsp;<a href=\"https:\/\/www.risoria.fi\/index.php\/ota-yhteytta\/\" rel=\"bookmark\">Lue lis\u00e4\u00e4 &raquo;<span class=\"screen-reader-text\">Yhteystiedot \/ Kontaktuppgifter<\/span><\/a><\/p>\n","protected":false},"author":1,"featured_media":0,"parent":0,"menu_order":0,"comment_status":"closed","ping_status":"closed","template":"","meta":{"neve_meta_sidebar":"","neve_meta_container":"","neve_meta_enable_content_width":"","neve_meta_content_width":0,"neve_meta_title_alignment":"","neve_meta_author_avatar":"","neve_post_elements_order":"","neve_meta_disable_header":"","neve_meta_disable_footer":"","neve_meta_disable_title":"","footnotes":""},"class_list":["post-10","page","type-page","status-publish","hentry"],"_links":{"self":[{"href":"https:\/\/www.risoria.fi\/index.php\/wp-json\/wp\/v2\/pages\/10","targetHints":{"allow":["GET"]}}],"collection":[{"href":"https:\/\/www.risoria.fi\/index.php\/wp-json\/wp\/v2\/pages"}],"about":[{"href":"https:\/\/www.risoria.fi\/index.php\/wp-json\/wp\/v2\/types\/page"}],"author":[{"embeddable":true,"href":"https:\/\/www.risoria.fi\/index.php\/wp-json\/wp\/v2\/users\/1"}],"replies":[{"embeddable":true,"href":"https:\/\/www.risoria.fi\/index.php\/wp-json\/wp\/v2\/comments?post=10"}],"version-history":[{"count":8,"href":"https:\/\/www.risoria.fi\/index.php\/wp-json\/wp\/v2\/pages\/10\/revisions"}],"predecessor-version":[{"id":134,"href":"https:\/\/www.risoria.fi\/index.php\/wp-json\/wp\/v2\/pages\/10\/revisions\/134"}],"wp:attachment":[{"href":"https:\/\/www.risoria.fi\/index.php\/wp-json\/wp\/v2\/media?parent=10"}],"curies":[{"name":"wp","href":"https:\/\/api.w.org\/{rel}","templated":true}]}}