{"id":2,"date":"2021-04-22T14:45:45","date_gmt":"2021-04-22T14:45:45","guid":{"rendered":"http:\/\/www.risoria.fi\/?page_id=2"},"modified":"2023-03-13T07:15:52","modified_gmt":"2023-03-13T07:15:52","slug":"sample-page","status":"publish","type":"page","link":"https:\/\/www.risoria.fi\/index.php\/sample-page\/","title":{"rendered":"Koira-avusteinen puheterapia \/ Hundassisterad talterapi"},"content":{"rendered":"\n<p>Koira-avusteinen puheterapia on tavoitteellista, suunniteltua ja ammatillista. Kuntoutuskoiran ohjaaja on sosiaali- ja terveydenhuollon ammattilainen ja koira on l\u00e4p\u00e4issyt soveltuvuuskokeen, jossa varmistetaan ett\u00e4 koira soveltuu sille suunniteltuun ty\u00f6h\u00f6n luonteensa ja ominaisuuksiensa osalta. Kuntoutuksessa koira-avusteinen ty\u00f6 on osa puheterapiaprosessia ja sen avulla voidaan tukea asiakkaalle laadittujen tavoitteiden toteutumista.&nbsp;<\/p>\n\n\n\n<p>Koiraa voidaan k\u00e4ytt\u00e4\u00e4 monipuolisesti puheterapiassa. Koiran l\u00e4sn\u00e4olo rauhoittaa ilmapiiri\u00e4 ja auttaa asiakasta keskittym\u00e4\u00e4n. Koira innostaa ja motivoi, se on suvaitsevainen ja hyv\u00e4 kuuntelija. Koiraan on helppo ottaa kontaktia ja koiran l\u00e4sn\u00e4olo kannustaa keskusteluun ja vuorovaikutukseen. &nbsp;<\/p>\n\n\n<div class=\"wp-block-image is-style-default\">\n<figure class=\"alignright size-large is-resized\"><img loading=\"lazy\" decoding=\"async\" src=\"http:\/\/www.risoria.fi\/wp-content\/uploads\/2023\/03\/kuntoutuskoirahilla-554x1024.jpg\" alt=\"\" class=\"wp-image-111\" width=\"386\" height=\"712\" srcset=\"https:\/\/www.risoria.fi\/wp-content\/uploads\/2023\/03\/kuntoutuskoirahilla-554x1024.jpg 554w, https:\/\/www.risoria.fi\/wp-content\/uploads\/2023\/03\/kuntoutuskoirahilla-162x300.jpg 162w\" sizes=\"auto, (max-width: 386px) 100vw, 386px\" \/><\/figure><\/div>\n\n\n<p>Toteutan koira-avusteista puheterapiaa jos se on asiakkaan tavoitteiden kannalta merkityksellist\u00e4. Keski\u00f6ss\u00e4 on aina asiakas, ja puheterapiaa suunniteltaessa otetaan ammatillisesti huomioon asiakkaan tavoitteet, mielenkiinnon kohteet ja toiveet. Koira-avusteisen puheterapian mahdollisuudesta sovitaan aina etuk\u00e4teen asiakkaan ja l\u00e4hi-ymp\u00e4rist\u00f6n kanssa. Jos koira-avusteinen menetelm\u00e4 on merkityksellist\u00e4 asiakkaan tavoitteiden kannalta, tulee toimintaymp\u00e4rist\u00f6n sopivuus ja yhten\u00e4isist\u00e4 toimintatavoista sopia asiakkaan ja l\u00e4hi-ymp\u00e4rist\u00f6n kanssa. Koira-avusteisessa puheterapiassa huomioidaan sek\u00e4 asiakkaan ett\u00e4 koiran hyvinvointi ja&nbsp; turvallisuus. &nbsp;<\/p>\n\n\n\n<p>Koira-avusteisessa puheterapiassa minulla on mukana suomenlapinkoirani <strong>Hilla<\/strong>, joka on suorittanut hyv\u00e4ksytysti Koirat kasvatus- ja kuntoutusty\u00f6ss\u00e4 ry:n soveltuvuuskokeen ja ty\u00f6n\u00e4yt\u00f6n. Olen itse suorittanut Koira-avusteisen kasvatus- ja kuntoutusty\u00f6n t\u00e4ydennyskoulutuksen (10 op.) ja yhdess\u00e4 olemme my\u00f6s suorittaneet Suomen Terapiakoirakoulun koira-avusteisen toiminnan peruskoulutuksen.&nbsp;Mukana on my\u00f6s harjoittelijana labradorinnoutaja-pentu Ella.<\/p>\n\n\n\n<hr class=\"wp-block-separator has-alpha-channel-opacity\"\/>\n\n\n\n<p>Hundassisterad terapi \u00e4r m\u00e5linriktad, planerad och professionell. Hundf\u00f6raren har examen inom social- och h\u00e4lsov\u00e5rden och hunden har genomf\u00f6rt ett l\u00e4mplighetstest. Med l\u00e4mplighetstestet f\u00f6rs\u00e4kras det att hunden passar till det arbete den \u00e4r t\u00e4nkt med tanke p\u00e5 hundens lynne och egenskaper. Hundassisterad talterapi \u00e4r en del av talterapiprocessen som ett st\u00f6d f\u00f6r de m\u00e5ls\u00e4ttningar som lagts upp.&nbsp;<\/p>\n\n\n\n<p>Hunden kan anv\u00e4ndas m\u00e5ngsidigt inom talterapin. Hundens n\u00e4rvaro lugnar och hj\u00e4lper klienten att koncentrera sig. Hunden inspirerar och motiverar, den \u00e4r accepterande och en bra lyssnare. Det \u00e4r l\u00e4tt att skapa kontakt med hunden och hundens n\u00e4rvaro uppmuntrar till diskussion och v\u00e4xelverkan.<\/p>\n\n\n<div class=\"wp-block-image\">\n<figure class=\"alignright size-large is-resized\"><img loading=\"lazy\" decoding=\"async\" src=\"http:\/\/www.risoria.fi\/wp-content\/uploads\/2023\/03\/Ella1-826x1024.jpg\" alt=\"\" class=\"wp-image-120\" width=\"379\" height=\"470\" srcset=\"https:\/\/www.risoria.fi\/wp-content\/uploads\/2023\/03\/Ella1-826x1024.jpg 826w, https:\/\/www.risoria.fi\/wp-content\/uploads\/2023\/03\/Ella1-242x300.jpg 242w, https:\/\/www.risoria.fi\/wp-content\/uploads\/2023\/03\/Ella1-768x953.jpg 768w, https:\/\/www.risoria.fi\/wp-content\/uploads\/2023\/03\/Ella1-1238x1536.jpg 1238w, https:\/\/www.risoria.fi\/wp-content\/uploads\/2023\/03\/Ella1-1651x2048.jpg 1651w\" sizes=\"auto, (max-width: 379px) 100vw, 379px\" \/><\/figure><\/div>\n\n\n<p>Jag erbjuder hundassisterad talterapi om det \u00e4r motiverat med tanke p\u00e5 de m\u00e5ls\u00e4ttningar klienten har. Klientens \u00f6nskan, behov, intresseomr\u00e5den och m\u00e5ls\u00e4ttningar \u00e4r alltid det centrala inom talterapin. Hundassisterad talterapi planeras alltid i f\u00f6rhand tillsammans med klienten och n\u00e4romgivningen. Om hundassisterad talterapi \u00e4r motiverat, beh\u00f6ver omgivningen ses \u00f6ver. Det b\u00f6r kontrollerats att utrymmen d\u00e4r talterapin utf\u00f6rs passar f\u00f6r hundassisterad talterapi och riktlinjer f\u00f6r de h\u00e4r tr\u00e4ffarna b\u00f6r l\u00e4ggas upp tillsammans med klienten och n\u00e4romgivningen. Inom hundassisterad talterapi beaktas klientens och hundens v\u00e4lm\u00e5ende och trygghet.<\/p>\n\n\n\n<p>Inom hundassisterad talterapi har jag med mig min finska lapphund <strong>Hilla<\/strong>, som har utf\u00f6rt Hundar inom fostran och rehabilitering rf:s l\u00e4mplighetstest och arbetsuppvisning. Sj\u00e4lv har jag utf\u00f6rt Hundar inom fostran och rehabilitering &#8211; fortbildning (10 sp) och tillsammans har vi \u00e4ven utf\u00f6rt Finska Terapihundskolans Hundassisterad aktivitet-grundexamen. Med mig har jag \u00e4ven labrador retriever-valpen Ella. <\/p>\n","protected":false},"excerpt":{"rendered":"<p>Koira-avusteinen puheterapia on tavoitteellista, suunniteltua ja ammatillista. Kuntoutuskoiran ohjaaja on sosiaali- ja terveydenhuollon ammattilainen ja koira on l\u00e4p\u00e4issyt soveltuvuuskokeen, jossa varmistetaan ett\u00e4 koira soveltuu sille suunniteltuun ty\u00f6h\u00f6n luonteensa ja ominaisuuksiensa osalta. Kuntoutuksessa koira-avusteinen ty\u00f6 on osa puheterapiaprosessia ja sen avulla voidaan tukea asiakkaalle laadittujen tavoitteiden toteutumista.&nbsp; Koiraa voidaan k\u00e4ytt\u00e4\u00e4 monipuolisesti puheterapiassa. Koiran l\u00e4sn\u00e4olo rauhoittaa ilmapiiri\u00e4&hellip;&nbsp;<a href=\"https:\/\/www.risoria.fi\/index.php\/sample-page\/\" rel=\"bookmark\">Lue lis\u00e4\u00e4 &raquo;<span class=\"screen-reader-text\">Koira-avusteinen puheterapia \/ Hundassisterad talterapi<\/span><\/a><\/p>\n","protected":false},"author":1,"featured_media":0,"parent":0,"menu_order":0,"comment_status":"closed","ping_status":"open","template":"","meta":{"neve_meta_sidebar":"","neve_meta_container":"","neve_meta_enable_content_width":"","neve_meta_content_width":0,"neve_meta_title_alignment":"","neve_meta_author_avatar":"","neve_post_elements_order":"","neve_meta_disable_header":"","neve_meta_disable_footer":"","neve_meta_disable_title":"","footnotes":""},"class_list":["post-2","page","type-page","status-publish","hentry"],"_links":{"self":[{"href":"https:\/\/www.risoria.fi\/index.php\/wp-json\/wp\/v2\/pages\/2","targetHints":{"allow":["GET"]}}],"collection":[{"href":"https:\/\/www.risoria.fi\/index.php\/wp-json\/wp\/v2\/pages"}],"about":[{"href":"https:\/\/www.risoria.fi\/index.php\/wp-json\/wp\/v2\/types\/page"}],"author":[{"embeddable":true,"href":"https:\/\/www.risoria.fi\/index.php\/wp-json\/wp\/v2\/users\/1"}],"replies":[{"embeddable":true,"href":"https:\/\/www.risoria.fi\/index.php\/wp-json\/wp\/v2\/comments?post=2"}],"version-history":[{"count":12,"href":"https:\/\/www.risoria.fi\/index.php\/wp-json\/wp\/v2\/pages\/2\/revisions"}],"predecessor-version":[{"id":123,"href":"https:\/\/www.risoria.fi\/index.php\/wp-json\/wp\/v2\/pages\/2\/revisions\/123"}],"wp:attachment":[{"href":"https:\/\/www.risoria.fi\/index.php\/wp-json\/wp\/v2\/media?parent=2"}],"curies":[{"name":"wp","href":"https:\/\/api.w.org\/{rel}","templated":true}]}}