{"id":8,"date":"2022-10-28T06:36:09","date_gmt":"2022-10-28T06:36:09","guid":{"rendered":"http:\/\/www.risoria.fi\/?page_id=8"},"modified":"2022-11-14T09:30:06","modified_gmt":"2022-11-14T09:30:06","slug":"luo-sivustosi-lohkoilla","status":"publish","type":"page","link":"https:\/\/www.risoria.fi\/","title":{"rendered":"Puheterapia \/ Talterapi"},"content":{"rendered":"\n<p> <\/p>\n\n\n<div class=\"wp-block-image is-style-default\">\n<figure class=\"aligncenter size-full is-resized\"><img loading=\"lazy\" decoding=\"async\" src=\"http:\/\/www.risoria.fi\/wp-content\/uploads\/2022\/11\/DSC8382.jpg\" alt=\"\" class=\"wp-image-98\" width=\"699\" height=\"466\" srcset=\"https:\/\/www.risoria.fi\/wp-content\/uploads\/2022\/11\/DSC8382.jpg 1024w, https:\/\/www.risoria.fi\/wp-content\/uploads\/2022\/11\/DSC8382-300x200.jpg 300w, https:\/\/www.risoria.fi\/wp-content\/uploads\/2022\/11\/DSC8382-768x513.jpg 768w, https:\/\/www.risoria.fi\/wp-content\/uploads\/2022\/11\/DSC8382-930x620.jpg 930w\" sizes=\"auto, (max-width: 699px) 100vw, 699px\" \/><\/figure><\/div>\n\n\n<p>Puheterapia on l\u00e4\u00e4kinn\u00e4llist\u00e4 kuntoutusta, tavoitteena on ennaltaehk\u00e4ist\u00e4, tutkia ja kuntouttaa kaiken ik\u00e4isten ihmisten vuorovaikutuksen, kommunikaation, puheen, kielen, \u00e4\u00e4nen sek\u00e4 sy\u00f6misen ja nielemisen h\u00e4iri\u00f6it\u00e4. <\/p>\n\n\n\n<p>Puheterapia toteutuu tapaamisissa (l\u00e4hi- tai et\u00e4terapiak\u00e4yntein\u00e4) asiakkaan l\u00e4hiymp\u00e4rist\u00f6ss\u00e4, eli kotona\/varhaiskasvatuksen yhteydess\u00e4\/koulussa. Asiakastapaamisten lis\u00e4ksi puheterapiaan liittyy aina my\u00f6s ty\u00f6skentely asiakkaan perheen ja muun l\u00e4hiymp\u00e4rist\u00f6n kanssa. Puheterapian kokonaisvaltainen vaikutus on suurempi kun asiakas ja h\u00e4nen l\u00e4hiymp\u00e4rist\u00f6ns\u00e4 toimivat yhteisty\u00f6ss\u00e4 puheterapeutin kanssa. <\/p>\n\n\n\n<hr class=\"wp-block-separator has-alpha-channel-opacity\"\/>\n\n\n\n<div class=\"wp-block-columns is-layout-flex wp-container-core-columns-is-layout-1 wp-block-columns-is-layout-flex\">\n<div class=\"wp-block-column is-vertically-aligned-center is-layout-flow wp-block-column-is-layout-flow\">\n<p>Talterapin \u00e4r medicinsk (re)habilitering d\u00e4r m\u00e5let \u00e4r att f\u00f6rebygga, unders\u00f6ka och habilitera st\u00f6rningar i v\u00e4xelverkan, kommunikationen, talet, spr\u00e5ket, r\u00f6sten och \u00e4tande. Talterapeuten arbetar med m\u00e4nniskor i alla \u00e5ldrar. <\/p>\n\n\n\n<p>Talterapin sker under tr\u00e4ffar (n\u00e4r- eller distanstr\u00e4ffar) i klientens egen n\u00e4rmilj\u00f6, det vill s\u00e4ga hemma\/inom sm\u00e5barnspedagogiken\/skolan. F\u00f6rutom individuella tr\u00e4ffar med klienten h\u00f6r det alltid till f\u00f6r talterapeuten att samarbeta med familjen och m\u00e4nniskor i klientens n\u00e4rmilj\u00f6. Via samarbete med n\u00e4rmilj\u00f6n \u00e4r den helhetsm\u00e4ssiga inverkan av talterapin st\u00f6rre.<\/p>\n<\/div>\n<\/div>\n\n\n<div class=\"wp-block-image\">\n<figure class=\"aligncenter size-full is-resized\"><img loading=\"lazy\" decoding=\"async\" src=\"http:\/\/www.risoria.fi\/wp-content\/uploads\/2022\/11\/DSC8716-1.jpg\" alt=\"\" class=\"wp-image-99\" width=\"695\" height=\"464\" srcset=\"https:\/\/www.risoria.fi\/wp-content\/uploads\/2022\/11\/DSC8716-1.jpg 1024w, https:\/\/www.risoria.fi\/wp-content\/uploads\/2022\/11\/DSC8716-1-300x200.jpg 300w, https:\/\/www.risoria.fi\/wp-content\/uploads\/2022\/11\/DSC8716-1-768x513.jpg 768w, https:\/\/www.risoria.fi\/wp-content\/uploads\/2022\/11\/DSC8716-1-930x620.jpg 930w\" sizes=\"auto, (max-width: 695px) 100vw, 695px\" \/><\/figure><\/div>\n\n\n<div style=\"height:100px\" aria-hidden=\"true\" class=\"wp-block-spacer\"><\/div>\n","protected":false},"excerpt":{"rendered":"<p>Puheterapia on l\u00e4\u00e4kinn\u00e4llist\u00e4 kuntoutusta, tavoitteena on ennaltaehk\u00e4ist\u00e4, tutkia ja kuntouttaa kaiken ik\u00e4isten ihmisten vuorovaikutuksen, kommunikaation, puheen, kielen, \u00e4\u00e4nen sek\u00e4 sy\u00f6misen ja nielemisen h\u00e4iri\u00f6it\u00e4. Puheterapia toteutuu tapaamisissa (l\u00e4hi- tai et\u00e4terapiak\u00e4yntein\u00e4) asiakkaan l\u00e4hiymp\u00e4rist\u00f6ss\u00e4, eli kotona\/varhaiskasvatuksen yhteydess\u00e4\/koulussa. Asiakastapaamisten lis\u00e4ksi puheterapiaan liittyy aina my\u00f6s ty\u00f6skentely asiakkaan perheen ja muun l\u00e4hiymp\u00e4rist\u00f6n kanssa. Puheterapian kokonaisvaltainen vaikutus on suurempi kun asiakas ja&hellip;&nbsp;<a href=\"https:\/\/www.risoria.fi\/\" rel=\"bookmark\">Lue lis\u00e4\u00e4 &raquo;<span class=\"screen-reader-text\">Puheterapia \/ Talterapi<\/span><\/a><\/p>\n","protected":false},"author":1,"featured_media":0,"parent":0,"menu_order":0,"comment_status":"closed","ping_status":"closed","template":"","meta":{"neve_meta_sidebar":"","neve_meta_container":"","neve_meta_enable_content_width":"","neve_meta_content_width":0,"neve_meta_title_alignment":"","neve_meta_author_avatar":"","neve_post_elements_order":"","neve_meta_disable_header":"","neve_meta_disable_footer":"","neve_meta_disable_title":"","footnotes":""},"class_list":["post-8","page","type-page","status-publish","hentry"],"_links":{"self":[{"href":"https:\/\/www.risoria.fi\/index.php\/wp-json\/wp\/v2\/pages\/8","targetHints":{"allow":["GET"]}}],"collection":[{"href":"https:\/\/www.risoria.fi\/index.php\/wp-json\/wp\/v2\/pages"}],"about":[{"href":"https:\/\/www.risoria.fi\/index.php\/wp-json\/wp\/v2\/types\/page"}],"author":[{"embeddable":true,"href":"https:\/\/www.risoria.fi\/index.php\/wp-json\/wp\/v2\/users\/1"}],"replies":[{"embeddable":true,"href":"https:\/\/www.risoria.fi\/index.php\/wp-json\/wp\/v2\/comments?post=8"}],"version-history":[{"count":15,"href":"https:\/\/www.risoria.fi\/index.php\/wp-json\/wp\/v2\/pages\/8\/revisions"}],"predecessor-version":[{"id":100,"href":"https:\/\/www.risoria.fi\/index.php\/wp-json\/wp\/v2\/pages\/8\/revisions\/100"}],"wp:attachment":[{"href":"https:\/\/www.risoria.fi\/index.php\/wp-json\/wp\/v2\/media?parent=8"}],"curies":[{"name":"wp","href":"https:\/\/api.w.org\/{rel}","templated":true}]}}