{"id":9,"date":"2022-10-28T06:36:09","date_gmt":"2022-10-28T06:36:09","guid":{"rendered":"http:\/\/www.risoria.fi\/?page_id=9"},"modified":"2022-11-14T09:40:49","modified_gmt":"2022-11-14T09:40:49","slug":"tietoja","status":"publish","type":"page","link":"https:\/\/www.risoria.fi\/index.php\/tietoja\/","title":{"rendered":"Ninni Lindroos"},"content":{"rendered":"<div class=\"wp-block-image\">\n<figure class=\"alignright size-large is-resized\"><img loading=\"lazy\" decoding=\"async\" src=\"http:\/\/www.risoria.fi\/wp-content\/uploads\/2022\/10\/DSC0069-819x1024.jpg\" alt=\"\" class=\"wp-image-54\" width=\"346\" height=\"432\" srcset=\"https:\/\/www.risoria.fi\/wp-content\/uploads\/2022\/10\/DSC0069-819x1024.jpg 819w, https:\/\/www.risoria.fi\/wp-content\/uploads\/2022\/10\/DSC0069-240x300.jpg 240w, https:\/\/www.risoria.fi\/wp-content\/uploads\/2022\/10\/DSC0069-768x960.jpg 768w, https:\/\/www.risoria.fi\/wp-content\/uploads\/2022\/10\/DSC0069.jpg 1024w\" sizes=\"auto, (max-width: 346px) 100vw, 346px\" \/><\/figure><\/div>\n\n\n<p>Olen valmistunut puheterapeutiksi (FM) vuonna 2014. Puheterapiassa kuntoutan l\u00e4hinn\u00e4 lapsiasiakkaita kotik\u00e4yntein\u00e4. Toimin KELA:n vaativan l\u00e4\u00e4kinn\u00e4llisen kuntoutuksen palveluntuottajana ja tarjoan Kelan kuntoutusp\u00e4\u00e4t\u00f6ksell\u00e4 sen kustantamaa puheterapiaa. Puheterapiaan voi my\u00f6s hakeutua julkisen terveydenhuollon maksusitoumuksella. Puheterapiaa toteutan suomeksi ja ruotsiksi. Ty\u00f6ss\u00e4ni k\u00e4yt\u00e4n puhetta tukevaa, t\u00e4ydent\u00e4v\u00e4\u00e4 ja korvaavaa kommunikointia (AAC), esimerkiksi tukiviittomia, kuvia ja pikapiirt\u00e4mist\u00e4. K\u00e4yt\u00e4n my\u00f6s paljon kommunikointitauluja.<\/p>\n\n\n\n<hr class=\"wp-block-separator has-alpha-channel-opacity\"\/>\n\n\n<div class=\"wp-block-image\">\n<figure class=\"alignright size-large is-resized\"><img loading=\"lazy\" decoding=\"async\" src=\"http:\/\/www.risoria.fi\/wp-content\/uploads\/2022\/11\/DSC8515-819x1024.jpg\" alt=\"\" class=\"wp-image-105\" width=\"349\" height=\"436\" srcset=\"https:\/\/www.risoria.fi\/wp-content\/uploads\/2022\/11\/DSC8515-819x1024.jpg 819w, https:\/\/www.risoria.fi\/wp-content\/uploads\/2022\/11\/DSC8515-240x300.jpg 240w, https:\/\/www.risoria.fi\/wp-content\/uploads\/2022\/11\/DSC8515-768x960.jpg 768w, https:\/\/www.risoria.fi\/wp-content\/uploads\/2022\/11\/DSC8515.jpg 1024w\" sizes=\"auto, (max-width: 349px) 100vw, 349px\" \/><\/figure><\/div>\n\n\n<p>Jag utexaminerades till talterapeut (FM) 2014. Inom talterapin arbetar jag fr\u00e4mst med barn via hembes\u00f6k. Jag arbetar som serviceproducent f\u00f6r FPA:s kr\u00e4vande medicinsk rehabilitering och erbjuder med FPA:s rehabiliteringsbeslut talterapi som FPA ers\u00e4tter. Jag erbjuder ocks\u00e5 talterapi via betalningsf\u00f6rbildelser fr\u00e5n offentliga h\u00e4lso- och sjukv\u00e5rden. Jag arbetar p\u00e5 svenska och finska. I mitt arbete anv\u00e4nder jag mig av alternativ och kompletterande kommunikation (AKK), som till exempel st\u00f6dtecken, bilder och snabba skisser. Jag anv\u00e4nder \u00e4ven mycket kommunikationskartor.<\/p>\n\n\n\n<p><\/p>\n\n\n\n<p><\/p>\n","protected":false},"excerpt":{"rendered":"<p>Olen valmistunut puheterapeutiksi (FM) vuonna 2014. Puheterapiassa kuntoutan l\u00e4hinn\u00e4 lapsiasiakkaita kotik\u00e4yntein\u00e4. Toimin KELA:n vaativan l\u00e4\u00e4kinn\u00e4llisen kuntoutuksen palveluntuottajana ja tarjoan Kelan kuntoutusp\u00e4\u00e4t\u00f6ksell\u00e4 sen kustantamaa puheterapiaa. Puheterapiaan voi my\u00f6s hakeutua julkisen terveydenhuollon maksusitoumuksella. Puheterapiaa toteutan suomeksi ja ruotsiksi. Ty\u00f6ss\u00e4ni k\u00e4yt\u00e4n puhetta tukevaa, t\u00e4ydent\u00e4v\u00e4\u00e4 ja korvaavaa kommunikointia (AAC), esimerkiksi tukiviittomia, kuvia ja pikapiirt\u00e4mist\u00e4. K\u00e4yt\u00e4n my\u00f6s paljon kommunikointitauluja. Jag&hellip;&nbsp;<a href=\"https:\/\/www.risoria.fi\/index.php\/tietoja\/\" rel=\"bookmark\">Lue lis\u00e4\u00e4 &raquo;<span class=\"screen-reader-text\">Ninni Lindroos<\/span><\/a><\/p>\n","protected":false},"author":1,"featured_media":0,"parent":0,"menu_order":0,"comment_status":"closed","ping_status":"closed","template":"","meta":{"neve_meta_sidebar":"","neve_meta_container":"","neve_meta_enable_content_width":"","neve_meta_content_width":0,"neve_meta_title_alignment":"","neve_meta_author_avatar":"","neve_post_elements_order":"","neve_meta_disable_header":"","neve_meta_disable_footer":"","neve_meta_disable_title":"","footnotes":""},"class_list":["post-9","page","type-page","status-publish","hentry"],"_links":{"self":[{"href":"https:\/\/www.risoria.fi\/index.php\/wp-json\/wp\/v2\/pages\/9","targetHints":{"allow":["GET"]}}],"collection":[{"href":"https:\/\/www.risoria.fi\/index.php\/wp-json\/wp\/v2\/pages"}],"about":[{"href":"https:\/\/www.risoria.fi\/index.php\/wp-json\/wp\/v2\/types\/page"}],"author":[{"embeddable":true,"href":"https:\/\/www.risoria.fi\/index.php\/wp-json\/wp\/v2\/users\/1"}],"replies":[{"embeddable":true,"href":"https:\/\/www.risoria.fi\/index.php\/wp-json\/wp\/v2\/comments?post=9"}],"version-history":[{"count":6,"href":"https:\/\/www.risoria.fi\/index.php\/wp-json\/wp\/v2\/pages\/9\/revisions"}],"predecessor-version":[{"id":106,"href":"https:\/\/www.risoria.fi\/index.php\/wp-json\/wp\/v2\/pages\/9\/revisions\/106"}],"wp:attachment":[{"href":"https:\/\/www.risoria.fi\/index.php\/wp-json\/wp\/v2\/media?parent=9"}],"curies":[{"name":"wp","href":"https:\/\/api.w.org\/{rel}","templated":true}]}}